{"id":110,"date":"2019-11-08T00:09:28","date_gmt":"2019-11-08T05:09:28","guid":{"rendered":"http:\/\/mauriciozevallos.com\/?page_id=110"},"modified":"2020-02-05T12:45:09","modified_gmt":"2020-02-05T17:45:09","slug":"contactame","status":"publish","type":"page","link":"https:\/\/mauriciozevallos.com\/en\/contactame\/","title":{"rendered":"Contact me"},"content":{"rendered":"<div data-elementor-type=\"wp-page\" data-elementor-id=\"110\" class=\"elementor elementor-110\">\n\t\t\t\t\t\t<section class=\"elementor-section elementor-top-section elementor-element elementor-element-6eadaee elementor-section-boxed elementor-section-height-default elementor-section-height-default\" data-id=\"6eadaee\" data-element_type=\"section\" data-e-type=\"section\">\n\t\t\t\t\t\t<div class=\"elementor-container elementor-column-gap-default\">\n\t\t\t\t\t<div class=\"elementor-column elementor-col-100 elementor-top-column elementor-element elementor-element-7cc7796\" data-id=\"7cc7796\" data-element_type=\"column\" data-e-type=\"column\">\n\t\t\t<div class=\"elementor-widget-wrap elementor-element-populated\">\n\t\t\t\t\t\t<div class=\"elementor-element elementor-element-d08d038 elementor-invisible elementor-widget elementor-widget-heading\" data-id=\"d08d038\" data-element_type=\"widget\" data-e-type=\"widget\" data-settings=\"{&quot;_animation&quot;:&quot;fadeInDown&quot;}\" data-widget_type=\"heading.default\">\n\t\t\t\t<div class=\"elementor-widget-container\">\n\t\t\t\t\t<h2 class=\"elementor-heading-title elementor-size-default\">CONTACT ME<\/h2>\t\t\t\t<\/div>\n\t\t\t\t<\/div>\n\t\t\t\t\t<\/div>\n\t\t<\/div>\n\t\t\t\t\t<\/div>\n\t\t<\/section>\n\t\t\t\t<section class=\"elementor-section elementor-top-section elementor-element elementor-element-2831934c elementor-section-boxed elementor-section-height-default elementor-section-height-default\" data-id=\"2831934c\" data-element_type=\"section\" data-e-type=\"section\">\n\t\t\t\t\t\t<div class=\"elementor-container elementor-column-gap-default\">\n\t\t\t\t\t<div class=\"elementor-column elementor-col-33 elementor-top-column elementor-element elementor-element-13899b31 elementor-hidden-tablet elementor-hidden-phone elementor-invisible\" data-id=\"13899b31\" data-element_type=\"column\" data-e-type=\"column\" data-settings=\"{&quot;animation&quot;:&quot;fadeInLeft&quot;}\">\n\t\t\t<div class=\"elementor-widget-wrap elementor-element-populated\">\n\t\t\t\t\t\t<div class=\"elementor-element elementor-element-31a74252 elementor-view-default elementor-position-block-start elementor-mobile-position-block-start elementor-widget elementor-widget-icon-box\" data-id=\"31a74252\" data-element_type=\"widget\" data-e-type=\"widget\" data-widget_type=\"icon-box.default\">\n\t\t\t\t<div class=\"elementor-widget-container\">\n\t\t\t\t\t\t\t<div class=\"elementor-icon-box-wrapper\">\n\n\t\t\t\t\t\t<div class=\"elementor-icon-box-icon\">\n\t\t\t\t<span  class=\"elementor-icon\">\n\t\t\t\t<i aria-hidden=\"true\" class=\"fas fa-home\"><\/i>\t\t\t\t<\/span>\n\t\t\t<\/div>\n\t\t\t\n\t\t\t\t\t\t<div class=\"elementor-icon-box-content\">\n\n\t\t\t\t\t\t\t\t\t<h3 class=\"elementor-icon-box-title\">\n\t\t\t\t\t\t<span  >\n\t\t\t\t\t\t\tLet&#039;s meet\t\t\t\t\t\t<\/span>\n\t\t\t\t\t<\/h3>\n\t\t\t\t\n\t\t\t\t\t\t\t\t\t<p class=\"elementor-icon-box-description\">\n\t\t\t\t\t\tContact me and we can meet somewhere or at my professional studio.\t\t\t\t\t<\/p>\n\t\t\t\t\n\t\t\t<\/div>\n\t\t\t\n\t\t<\/div>\n\t\t\t\t\t\t<\/div>\n\t\t\t\t<\/div>\n\t\t\t\t<div class=\"elementor-element elementor-element-8af3ad1 elementor-widget elementor-widget-heading\" data-id=\"8af3ad1\" data-element_type=\"widget\" data-e-type=\"widget\" data-widget_type=\"heading.default\">\n\t\t\t\t<div class=\"elementor-widget-container\">\n\t\t\t\t\t<p class=\"elementor-heading-title elementor-size-large\">Lima, Peru.<\/p>\t\t\t\t<\/div>\n\t\t\t\t<\/div>\n\t\t\t\t\t<\/div>\n\t\t<\/div>\n\t\t\t\t<div class=\"elementor-column elementor-col-33 elementor-top-column elementor-element elementor-element-47825f5 elementor-invisible\" data-id=\"47825f5\" data-element_type=\"column\" data-e-type=\"column\" data-settings=\"{&quot;animation&quot;:&quot;fadeInUp&quot;}\">\n\t\t\t<div class=\"elementor-widget-wrap elementor-element-populated\">\n\t\t\t\t\t\t<div class=\"elementor-element elementor-element-6c3edb2a elementor-widget-mobile__width-initial elementor-view-default elementor-position-block-start elementor-mobile-position-block-start elementor-widget elementor-widget-icon-box\" data-id=\"6c3edb2a\" data-element_type=\"widget\" data-e-type=\"widget\" data-widget_type=\"icon-box.default\">\n\t\t\t\t<div class=\"elementor-widget-container\">\n\t\t\t\t\t\t\t<div class=\"elementor-icon-box-wrapper\">\n\n\t\t\t\t\t\t<div class=\"elementor-icon-box-icon\">\n\t\t\t\t<span  class=\"elementor-icon\">\n\t\t\t\t<i aria-hidden=\"true\" class=\"fas fa-phone\"><\/i>\t\t\t\t<\/span>\n\t\t\t<\/div>\n\t\t\t\n\t\t\t\t\t\t<div class=\"elementor-icon-box-content\">\n\n\t\t\t\t\t\t\t\t\t<h3 class=\"elementor-icon-box-title\">\n\t\t\t\t\t\t<span  >\n\t\t\t\t\t\t\tcall or write\t\t\t\t\t\t<\/span>\n\t\t\t\t\t<\/h3>\n\t\t\t\t\n\t\t\t\t\t\t\t\t\t<p class=\"elementor-icon-box-description\">\n\t\t\t\t\t\tSend me a WhatsApp, text message, or call me, and if I&#039;m available, I&#039;ll get back to you.\t\t\t\t\t<\/p>\n\t\t\t\t\n\t\t\t<\/div>\n\t\t\t\n\t\t<\/div>\n\t\t\t\t\t\t<\/div>\n\t\t\t\t<\/div>\n\t\t\t\t<div class=\"elementor-element elementor-element-3932ecc1 elementor-widget elementor-widget-heading\" data-id=\"3932ecc1\" data-element_type=\"widget\" data-e-type=\"widget\" data-widget_type=\"heading.default\">\n\t\t\t\t<div class=\"elementor-widget-container\">\n\t\t\t\t\t<p class=\"elementor-heading-title elementor-size-large\"><a href=\"tel:+51%20956%20123%20353\">+51 956 123 353<\/a><\/p>\t\t\t\t<\/div>\n\t\t\t\t<\/div>\n\t\t\t\t\t<\/div>\n\t\t<\/div>\n\t\t\t\t<div class=\"elementor-column elementor-col-33 elementor-top-column elementor-element elementor-element-52648739 elementor-invisible\" data-id=\"52648739\" data-element_type=\"column\" data-e-type=\"column\" data-settings=\"{&quot;animation&quot;:&quot;fadeInRight&quot;}\">\n\t\t\t<div class=\"elementor-widget-wrap elementor-element-populated\">\n\t\t\t\t\t\t<div class=\"elementor-element elementor-element-6cc4f3a6 elementor-widget-mobile__width-inherit elementor-view-default elementor-position-block-start elementor-mobile-position-block-start elementor-widget elementor-widget-icon-box\" data-id=\"6cc4f3a6\" data-element_type=\"widget\" data-e-type=\"widget\" data-widget_type=\"icon-box.default\">\n\t\t\t\t<div class=\"elementor-widget-container\">\n\t\t\t\t\t\t\t<div class=\"elementor-icon-box-wrapper\">\n\n\t\t\t\t\t\t<div class=\"elementor-icon-box-icon\">\n\t\t\t\t<span  class=\"elementor-icon\">\n\t\t\t\t<i aria-hidden=\"true\" class=\"far fa-envelope\"><\/i>\t\t\t\t<\/span>\n\t\t\t<\/div>\n\t\t\t\n\t\t\t\t\t\t<div class=\"elementor-icon-box-content\">\n\n\t\t\t\t\t\t\t\t\t<h3 class=\"elementor-icon-box-title\">\n\t\t\t\t\t\t<span  >\n\t\t\t\t\t\t\tmail\t\t\t\t\t\t<\/span>\n\t\t\t\t\t<\/h3>\n\t\t\t\t\n\t\t\t\t\t\t\t\t\t<p class=\"elementor-icon-box-description\">\n\t\t\t\t\t\tSend me an email telling me what project you&#039;d like to do or if you&#039;d like to get a quote for my services.\t\t\t\t\t<\/p>\n\t\t\t\t\n\t\t\t<\/div>\n\t\t\t\n\t\t<\/div>\n\t\t\t\t\t\t<\/div>\n\t\t\t\t<\/div>\n\t\t\t\t<div class=\"elementor-element elementor-element-477968b3 elementor-widget elementor-widget-heading\" data-id=\"477968b3\" data-element_type=\"widget\" data-e-type=\"widget\" data-widget_type=\"heading.default\">\n\t\t\t\t<div class=\"elementor-widget-container\">\n\t\t\t\t\t<p class=\"elementor-heading-title elementor-size-large\"><a href=\"mailto:mzevallosaa@gmail.com\">mzevallosaa@gmail.com<\/a><\/p>\t\t\t\t<\/div>\n\t\t\t\t<\/div>\n\t\t\t\t\t<\/div>\n\t\t<\/div>\n\t\t\t\t\t<\/div>\n\t\t<\/section>\n\t\t\t\t<section class=\"elementor-section elementor-top-section elementor-element elementor-element-7722519f elementor-section-full_width elementor-hidden-tablet elementor-hidden-phone elementor-section-height-default elementor-section-height-default elementor-invisible\" data-id=\"7722519f\" data-element_type=\"section\" data-e-type=\"section\" data-settings=\"{&quot;animation&quot;:&quot;fadeIn&quot;}\">\n\t\t\t\t\t\t<div class=\"elementor-container elementor-column-gap-no\">\n\t\t\t\t\t<div class=\"elementor-column elementor-col-100 elementor-top-column elementor-element elementor-element-7c2e7f2e\" data-id=\"7c2e7f2e\" data-element_type=\"column\" data-e-type=\"column\">\n\t\t\t<div class=\"elementor-widget-wrap elementor-element-populated\">\n\t\t\t\t\t\t<div class=\"elementor-element elementor-element-66ed3a2a elementor-widget elementor-widget-google_maps\" data-id=\"66ed3a2a\" data-element_type=\"widget\" data-e-type=\"widget\" data-widget_type=\"google_maps.default\">\n\t\t\t\t<div class=\"elementor-widget-container\">\n\t\t\t\t\t\t\t<div class=\"elementor-custom-embed\">\n\t\t\t<iframe loading=\"lazy\"\n\t\t\t\t\tsrc=\"https:\/\/maps.google.com\/maps?q=Lima%20peru%20%20jesus%20maria%2C%20&#038;t=m&#038;z=10&#038;output=embed&#038;iwloc=near\"\n\t\t\t\t\ttitle=\"Lima Peru Jesus Maria, \"\n\t\t\t\t\taria-label=\"Lima Peru Jesus Maria, \"\n\t\t\t><\/iframe>\n\t\t<\/div>\n\t\t\t\t\t\t<\/div>\n\t\t\t\t<\/div>\n\t\t\t\t\t<\/div>\n\t\t<\/div>\n\t\t\t\t\t<\/div>\n\t\t<\/section>\n\t\t\t\t<\/div>","protected":false},"excerpt":{"rendered":"<p>CONT\u00c1CTAME Encontremonos Cont\u00e1ctame y nos podremos encontrar alg\u00fan lugar o en mi estudio profesional. Lima, Per\u00fa. llama o escribe Escr\u00edbeme un WhatsApp, [&hellip;]<\/p>\n","protected":false},"author":1,"featured_media":0,"parent":0,"menu_order":0,"comment_status":"closed","ping_status":"closed","template":"elementor_header_footer","meta":{"nf_dc_page":"","_monsterinsights_skip_tracking":false,"_monsterinsights_sitenote_active":false,"_monsterinsights_sitenote_note":"","_monsterinsights_sitenote_category":0,"_joinchat":[],"footnotes":""},"class_list":["post-110","page","type-page","status-publish","hentry"],"yoast_head":"<!-- This site is optimized with the Yoast SEO plugin v27.4 - https:\/\/yoast.com\/product\/yoast-seo-wordpress\/ -->\n<title>Cont\u00e1ctame | MAURICIO ZEVALLOS<\/title>\n<meta name=\"robots\" content=\"index, follow, max-snippet:-1, max-image-preview:large, max-video-preview:-1\" \/>\n<link rel=\"canonical\" href=\"https:\/\/mauriciozevallos.com\/en\/contactame\/\" \/>\n<meta property=\"og:locale\" content=\"en_US\" \/>\n<meta property=\"og:type\" content=\"article\" \/>\n<meta property=\"og:title\" content=\"Cont\u00e1ctame | MAURICIO ZEVALLOS\" \/>\n<meta property=\"og:url\" content=\"https:\/\/mauriciozevallos.com\/en\/contactame\/\" \/>\n<meta property=\"og:site_name\" content=\"MAURICIO ZEVALLOS\" \/>\n<meta property=\"article:publisher\" content=\"https:\/\/www.facebook.com\/MauricioZ.AA\" \/>\n<meta property=\"article:modified_time\" content=\"2020-02-05T17:45:09+00:00\" \/>\n<meta name=\"twitter:card\" content=\"summary_large_image\" \/>\n<script type=\"application\/ld+json\" class=\"yoast-schema-graph\">{\"@context\":\"https:\\\/\\\/schema.org\",\"@graph\":[{\"@type\":\"WebPage\",\"@id\":\"https:\\\/\\\/mauriciozevallos.com\\\/contactame\\\/\",\"url\":\"https:\\\/\\\/mauriciozevallos.com\\\/contactame\\\/\",\"name\":\"Cont\u00e1ctame | MAURICIO ZEVALLOS\",\"isPartOf\":{\"@id\":\"https:\\\/\\\/mauriciozevallos.com\\\/#website\"},\"datePublished\":\"2019-11-08T05:09:28+00:00\",\"dateModified\":\"2020-02-05T17:45:09+00:00\",\"breadcrumb\":{\"@id\":\"https:\\\/\\\/mauriciozevallos.com\\\/contactame\\\/#breadcrumb\"},\"inLanguage\":\"en-CA\",\"potentialAction\":[{\"@type\":\"ReadAction\",\"target\":[\"https:\\\/\\\/mauriciozevallos.com\\\/contactame\\\/\"]}]},{\"@type\":\"BreadcrumbList\",\"@id\":\"https:\\\/\\\/mauriciozevallos.com\\\/contactame\\\/#breadcrumb\",\"itemListElement\":[{\"@type\":\"ListItem\",\"position\":1,\"name\":\"Home\",\"item\":\"https:\\\/\\\/mauriciozevallos.com\\\/\"},{\"@type\":\"ListItem\",\"position\":2,\"name\":\"Cont\u00e1ctame\"}]},{\"@type\":\"WebSite\",\"@id\":\"https:\\\/\\\/mauriciozevallos.com\\\/#website\",\"url\":\"https:\\\/\\\/mauriciozevallos.com\\\/\",\"name\":\"MAURICIO ZEVALLOS\",\"description\":\"Fotografo Profesional Lima\",\"publisher\":{\"@id\":\"https:\\\/\\\/mauriciozevallos.com\\\/#organization\"},\"potentialAction\":[{\"@type\":\"SearchAction\",\"target\":{\"@type\":\"EntryPoint\",\"urlTemplate\":\"https:\\\/\\\/mauriciozevallos.com\\\/?s={search_term_string}\"},\"query-input\":{\"@type\":\"PropertyValueSpecification\",\"valueRequired\":true,\"valueName\":\"search_term_string\"}}],\"inLanguage\":\"en-CA\"},{\"@type\":\"Organization\",\"@id\":\"https:\\\/\\\/mauriciozevallos.com\\\/#organization\",\"name\":\"Mauricio Zevallos\",\"url\":\"https:\\\/\\\/mauriciozevallos.com\\\/\",\"logo\":{\"@type\":\"ImageObject\",\"inLanguage\":\"en-CA\",\"@id\":\"https:\\\/\\\/mauriciozevallos.com\\\/#\\\/schema\\\/logo\\\/image\\\/\",\"url\":\"https:\\\/\\\/mauriciozevallos.com\\\/wp-content\\\/uploads\\\/2019\\\/11\\\/Logo-Mau-2017-Alta.jpg\",\"contentUrl\":\"https:\\\/\\\/mauriciozevallos.com\\\/wp-content\\\/uploads\\\/2019\\\/11\\\/Logo-Mau-2017-Alta.jpg\",\"width\":3508,\"height\":2482,\"caption\":\"Mauricio Zevallos\"},\"image\":{\"@id\":\"https:\\\/\\\/mauriciozevallos.com\\\/#\\\/schema\\\/logo\\\/image\\\/\"},\"sameAs\":[\"https:\\\/\\\/www.facebook.com\\\/MauricioZ.AA\",\"https:\\\/\\\/www.instagram.com\\\/mauriciozev_\\\/\",\"http:\\\/\\\/linkedin.com\\\/in\\\/mauricio-zevallos-18aa74b1\"]}]}<\/script>\n<!-- \/ Yoast SEO plugin. -->","yoast_head_json":{"title":"Contact me | Mauricio Zevalos","robots":{"index":"index","follow":"follow","max-snippet":"max-snippet:-1","max-image-preview":"max-image-preview:large","max-video-preview":"max-video-preview:-1"},"canonical":"https:\/\/mauriciozevallos.com\/en\/contactame\/","og_locale":"en_US","og_type":"article","og_title":"Cont\u00e1ctame | MAURICIO ZEVALLOS","og_url":"https:\/\/mauriciozevallos.com\/en\/contactame\/","og_site_name":"MAURICIO ZEVALLOS","article_publisher":"https:\/\/www.facebook.com\/MauricioZ.AA","article_modified_time":"2020-02-05T17:45:09+00:00","twitter_card":"summary_large_image","schema":{"@context":"https:\/\/schema.org","@graph":[{"@type":"WebPage","@id":"https:\/\/mauriciozevallos.com\/contactame\/","url":"https:\/\/mauriciozevallos.com\/contactame\/","name":"Contact me | Mauricio Zevalos","isPartOf":{"@id":"https:\/\/mauriciozevallos.com\/#website"},"datePublished":"2019-11-08T05:09:28+00:00","dateModified":"2020-02-05T17:45:09+00:00","breadcrumb":{"@id":"https:\/\/mauriciozevallos.com\/contactame\/#breadcrumb"},"inLanguage":"en-CA","potentialAction":[{"@type":"ReadAction","target":["https:\/\/mauriciozevallos.com\/contactame\/"]}]},{"@type":"BreadcrumbList","@id":"https:\/\/mauriciozevallos.com\/contactame\/#breadcrumb","itemListElement":[{"@type":"ListItem","position":1,"name":"Home","item":"https:\/\/mauriciozevallos.com\/"},{"@type":"ListItem","position":2,"name":"Cont\u00e1ctame"}]},{"@type":"WebSite","@id":"https:\/\/mauriciozevallos.com\/#website","url":"https:\/\/mauriciozevallos.com\/","name":"Mauricio Zevalos","description":"Professional Photographer Lima","publisher":{"@id":"https:\/\/mauriciozevallos.com\/#organization"},"potentialAction":[{"@type":"SearchAction","target":{"@type":"EntryPoint","urlTemplate":"https:\/\/mauriciozevallos.com\/?s={search_term_string}"},"query-input":{"@type":"PropertyValueSpecification","valueRequired":true,"valueName":"search_term_string"}}],"inLanguage":"en-CA"},{"@type":"Organization","@id":"https:\/\/mauriciozevallos.com\/#organization","name":"Mauricio Zevallos","url":"https:\/\/mauriciozevallos.com\/","logo":{"@type":"ImageObject","inLanguage":"en-CA","@id":"https:\/\/mauriciozevallos.com\/#\/schema\/logo\/image\/","url":"https:\/\/mauriciozevallos.com\/wp-content\/uploads\/2019\/11\/Logo-Mau-2017-Alta.jpg","contentUrl":"https:\/\/mauriciozevallos.com\/wp-content\/uploads\/2019\/11\/Logo-Mau-2017-Alta.jpg","width":3508,"height":2482,"caption":"Mauricio Zevallos"},"image":{"@id":"https:\/\/mauriciozevallos.com\/#\/schema\/logo\/image\/"},"sameAs":["https:\/\/www.facebook.com\/MauricioZ.AA","https:\/\/www.instagram.com\/mauriciozev_\/","http:\/\/linkedin.com\/in\/mauricio-zevallos-18aa74b1"]}]}},"_links":{"self":[{"href":"https:\/\/mauriciozevallos.com\/en\/wp-json\/wp\/v2\/pages\/110","targetHints":{"allow":["GET"]}}],"collection":[{"href":"https:\/\/mauriciozevallos.com\/en\/wp-json\/wp\/v2\/pages"}],"about":[{"href":"https:\/\/mauriciozevallos.com\/en\/wp-json\/wp\/v2\/types\/page"}],"author":[{"embeddable":true,"href":"https:\/\/mauriciozevallos.com\/en\/wp-json\/wp\/v2\/users\/1"}],"replies":[{"embeddable":true,"href":"https:\/\/mauriciozevallos.com\/en\/wp-json\/wp\/v2\/comments?post=110"}],"version-history":[{"count":19,"href":"https:\/\/mauriciozevallos.com\/en\/wp-json\/wp\/v2\/pages\/110\/revisions"}],"predecessor-version":[{"id":952,"href":"https:\/\/mauriciozevallos.com\/en\/wp-json\/wp\/v2\/pages\/110\/revisions\/952"}],"wp:attachment":[{"href":"https:\/\/mauriciozevallos.com\/en\/wp-json\/wp\/v2\/media?parent=110"}],"curies":[{"name":"wp","href":"https:\/\/api.w.org\/{rel}","templated":true}]}}